{"id":350,"date":"2023-11-26T13:15:28","date_gmt":"2023-11-26T12:15:28","guid":{"rendered":"https:\/\/location-camping-car.com\/accueil\/"},"modified":"2023-12-02T11:28:04","modified_gmt":"2023-12-02T10:28:04","slug":"accueil","status":"publish","type":"page","link":"https:\/\/location-camping-car.com\/pt-pt\/","title":{"rendered":"Accueil"},"content":{"rendered":"<div class=\"wpb-content-wrapper\"><p>[vc_row full_width=&#8221;stretch_row&#8221; css=&#8221;.vc_custom_1701512741446{margin-bottom: 40px !important;padding-top: 200px !important;padding-bottom: 100px !important;background-image: url(https:\/\/location-camping-car.com\/wp-content\/uploads\/2023\/11\/wiki-camping-car.jpg?id=82) !important;background-position: center !important;background-repeat: no-repeat !important;background-size: cover !important;}&#8221; el_class=&#8221;slide&#8221;][vc_column][vc_column_text]Wiki Cooldrive Nomad<\/p>\n<h1>Todas as informa\u00e7\u00f5es sobre aluguer de autocaravanas!<\/h1>\n<p>[\/vc_column_text][\/vc_column][\/vc_row][vc_row equal_height=&#8221;yes&#8221; css=&#8221;.vc_custom_1701512732284{margin-right: 60px !important;margin-left: 60px !important;}&#8221;][vc_column width=&#8221;1\/2&#8243; offset=&#8221;vc_col-lg-3 vc_col-md-6 vc_col-xs-12&#8243; el_class=&#8221;greenintro&#8221;][vc_column_text]Bem-vindo ao wiki de aluguer de autocaravanas, campervans e carrinhas da CoolDrive Nomad. Reunimos uma grande quantidade de informa\u00e7\u00f5es \u00fateis para o ajudar a preparar-se para as suas f\u00e9rias em autocaravana e garantir que estas decorrem sem problemas. Desfruta da tua visita![\/vc_column_text][\/vc_column][vc_column width=&#8221;1\/2&#8243; offset=&#8221;vc_col-lg-3 vc_col-md-6 vc_col-xs-12&#8243;][vc_column_text]<\/p>\n<h2 style=\"text-align: center;\">Teste de ve\u00edculo<\/h2>\n<p>[\/vc_column_text][vc_basic_grid post_type=&#8221;post&#8221; max_items=&#8221;5&#8243; element_width=&#8221;12&#8243; gap=&#8221;10&#8243; item=&#8221;88&#8243; grid_id=&#8221;vc_gid:1701512867078-be7cd1e1-1094-9&#8243; taxonomies=&#8221;11&#8243;][\/vc_column][vc_column width=&#8221;1\/2&#8243; offset=&#8221;vc_col-lg-3 vc_col-md-6 vc_col-xs-12&#8243;][vc_column_text]<\/p>\n<h2 style=\"text-align: center;\">\u00c1reas de estacionamento<\/h2>\n<p>[\/vc_column_text][vc_basic_grid post_type=&#8221;post&#8221; max_items=&#8221;5&#8243; element_width=&#8221;12&#8243; gap=&#8221;10&#8243; item=&#8221;88&#8243; grid_id=&#8221;vc_gid:1701512867079-d4152896-6c7a-7&#8243; taxonomies=&#8221;10&#8243;][\/vc_column][vc_column width=&#8221;1\/2&#8243; offset=&#8221;vc_col-lg-3 vc_col-md-6 vc_col-xs-12&#8243;][vc_column_text]<\/p>\n<h2 style=\"text-align: center;\">Durante a viagem<\/h2>\n<p>[\/vc_column_text][vc_basic_grid post_type=&#8221;post&#8221; max_items=&#8221;5&#8243; element_width=&#8221;12&#8243; gap=&#8221;10&#8243; item=&#8221;88&#8243; grid_id=&#8221;vc_gid:1701512867080-f6610ad8-9ab0-10&#8243; taxonomies=&#8221;5&#8243;][\/vc_column][\/vc_row][vc_row css=&#8221;.vc_custom_1701158931907{margin-right: 60px !important;margin-left: 60px !important;}&#8221;][vc_column width=&#8221;1\/2&#8243; offset=&#8221;vc_col-lg-3 vc_col-md-6 vc_col-xs-12&#8243;][vc_column_text]<\/p>\n<h2 style=\"text-align: center;\">No caminho de volta<\/h2>\n<p>[\/vc_column_text][vc_basic_grid post_type=&#8221;post&#8221; max_items=&#8221;5&#8243; element_width=&#8221;12&#8243; gap=&#8221;10&#8243; item=&#8221;88&#8243; grid_id=&#8221;vc_gid:1701512867081-82bfbe5b-ad51-0&#8243; taxonomies=&#8221;12&#8243;][\/vc_column][vc_column width=&#8221;1\/2&#8243; offset=&#8221;vc_col-lg-3 vc_col-md-6 vc_col-xs-12&#8243;][vc_column_text]<\/p>\n<h2 style=\"text-align: center;\">Depoimentos<\/h2>\n<p>[\/vc_column_text][vc_basic_grid post_type=&#8221;post&#8221; max_items=&#8221;5&#8243; element_width=&#8221;12&#8243; gap=&#8221;10&#8243; item=&#8221;88&#8243; grid_id=&#8221;vc_gid:1701512867081-770e67a8-5bad-0&#8243; taxonomies=&#8221;7&#8243;][\/vc_column][vc_column width=&#8221;1\/2&#8243; offset=&#8221;vc_col-lg-3 vc_col-md-6 vc_col-xs-12&#8243;][vc_column_text]<\/p>\n<h2 style=\"text-align: center;\">Diversos<\/h2>\n<p>[\/vc_column_text][vc_basic_grid post_type=&#8221;post&#8221; max_items=&#8221;5&#8243; element_width=&#8221;12&#8243; gap=&#8221;10&#8243; item=&#8221;88&#8243; grid_id=&#8221;vc_gid:1701512867082-0a93c59f-481c-10&#8243; taxonomies=&#8221;3&#8243;][\/vc_column][vc_column width=&#8221;1\/2&#8243; offset=&#8221;vc_col-lg-3 vc_col-md-6 vc_col-xs-12&#8243;][vc_column_text]<\/p>\n<h2 style=\"text-align: center;\">Preparativos<\/h2>\n<p>[\/vc_column_text][vc_basic_grid post_type=&#8221;post&#8221; max_items=&#8221;5&#8243; element_width=&#8221;12&#8243; gap=&#8221;10&#8243; item=&#8221;88&#8243; grid_id=&#8221;vc_gid:1701512867083-1b345ec6-3145-8&#8243; taxonomies=&#8221;4&#8243;][\/vc_column][\/vc_row][vc_row css=&#8221;.vc_custom_1701158931907{margin-right: 60px !important;margin-left: 60px !important;}&#8221;][vc_column width=&#8221;1\/4&#8243; offset=&#8221;vc_col-lg-3 vc_col-md-6 vc_col-xs-12&#8243;][vc_column_text]<\/p>\n<h2 style=\"text-align: center;\">Seguro<\/h2>\n<p>[\/vc_column_text][vc_basic_grid post_type=&#8221;post&#8221; max_items=&#8221;5&#8243; element_width=&#8221;12&#8243; gap=&#8221;10&#8243; item=&#8221;88&#8243; grid_id=&#8221;vc_gid:1701512867083-6b2f674a-6197-10&#8243; taxonomies=&#8221;2&#8243;][\/vc_column][vc_column width=&#8221;1\/4&#8243; offset=&#8221;vc_col-lg-3 vc_col-md-6 vc_col-xs-12&#8243;][vc_column_text]<\/p>\n<h2 style=\"text-align: center;\">Carteira de motorista<\/h2>\n<p>[\/vc_column_text][vc_basic_grid post_type=&#8221;post&#8221; max_items=&#8221;5&#8243; element_width=&#8221;12&#8243; gap=&#8221;10&#8243; item=&#8221;88&#8243; grid_id=&#8221;vc_gid:1701512867083-3426a183-68ec-8&#8243; taxonomies=&#8221;6&#8243;][\/vc_column][vc_column width=&#8221;1\/4&#8243; offset=&#8221;vc_col-lg-3 vc_col-md-6 vc_col-xs-12&#8243;][vc_column_text]<\/p>\n<h2 style=\"text-align: center;\">Especificidades do pais<\/h2>\n<p>[\/vc_column_text][vc_basic_grid post_type=&#8221;post&#8221; max_items=&#8221;5&#8243; element_width=&#8221;12&#8243; gap=&#8221;10&#8243; item=&#8221;88&#8243; grid_id=&#8221;vc_gid:1701512867084-c43f70aa-46d6-10&#8243; taxonomies=&#8221;9&#8243;][\/vc_column][vc_column width=&#8221;1\/4&#8243;][vc_column_text]<\/p>\n<h2 style=\"text-align: center;\">Videos<\/h2>\n<p>[\/vc_column_text][vc_basic_grid post_type=&#8221;post&#8221; max_items=&#8221;5&#8243; element_width=&#8221;12&#8243; gap=&#8221;10&#8243; item=&#8221;88&#8243; grid_id=&#8221;vc_gid:1701512867084-398cfedf-645d-7&#8243; taxonomies=&#8221;8&#8243;][\/vc_column][\/vc_row]<\/p>\n<\/div>","protected":false},"excerpt":{"rendered":"<p>[vc_row full_width=&#8221;stretch_row&#8221; css=&#8221;.vc_custom_1701512741446{margin-bottom: 40px !important;padding-top: 200px !important;padding-bottom: 100px !important;background-image: url(https:\/\/location-camping-car.com\/wp-content\/uploads\/2023\/11\/wiki-camping-car.jpg?id=82) !important;background-position: center !important;background-repeat: no-repeat !important;background-size: cover !important;}&#8221; el_class=&#8221;slide&#8221;][vc_column][vc_column_text]Wiki Cooldrive Nomad Todas as informa\u00e7\u00f5es sobre aluguer de autocaravanas! [\/vc_column_text][\/vc_column][\/vc_row][vc_row equal_height=&#8221;yes&#8221; css=&#8221;.vc_custom_1701512732284{margin-right: 60px !important;margin-left: 60px !important;}&#8221;][vc_column width=&#8221;1\/2&#8243; offset=&#8221;vc_col-lg-3 vc_col-md-6 vc_col-xs-12&#8243; el_class=&#8221;greenintro&#8221;][vc_column_text]Bem-vindo ao wiki de aluguer de autocaravanas, campervans e carrinhas da CoolDrive Nomad. Reunimos uma grande quantidade [&hellip;]<\/p>\n","protected":false},"author":1,"featured_media":0,"parent":0,"menu_order":0,"comment_status":"closed","ping_status":"closed","template":"","meta":{"footnotes":""},"class_list":["post-350","page","type-page","status-publish","hentry"],"yoast_head":"<!-- This site is optimized with the Yoast SEO plugin v27.4 - https:\/\/yoast.com\/product\/yoast-seo-wordpress\/ -->\n<title>Toda a informa\u00e7\u00e3o sobre o aluguer de autocaravanas | Wiki Cooldrive Nomad<\/title>\n<meta name=\"description\" content=\"Encontre todas as informa\u00e7\u00f5es necess\u00e1rias para preparar a sua viagem de autocaravana: conselhos, liga\u00e7\u00f5es \u00fateis, experi\u00eancias, etc.\" \/>\n<meta name=\"robots\" content=\"index, follow, max-snippet:-1, max-image-preview:large, max-video-preview:-1\" \/>\n<link rel=\"canonical\" href=\"https:\/\/location-camping-car.com\/pt-pt\/\" \/>\n<meta property=\"og:locale\" content=\"pt_PT\" \/>\n<meta property=\"og:type\" content=\"article\" \/>\n<meta property=\"og:title\" content=\"Toda a informa\u00e7\u00e3o sobre o aluguer de autocaravanas | Wiki Cooldrive Nomad\" \/>\n<meta property=\"og:description\" content=\"Encontre todas as informa\u00e7\u00f5es necess\u00e1rias para preparar a sua viagem de autocaravana: conselhos, liga\u00e7\u00f5es \u00fateis, experi\u00eancias, etc.\" \/>\n<meta property=\"og:url\" content=\"https:\/\/location-camping-car.com\/pt-pt\/\" \/>\n<meta property=\"og:site_name\" content=\"Location de camping-car\" \/>\n<meta property=\"article:modified_time\" content=\"2023-12-02T10:28:04+00:00\" \/>\n<meta name=\"twitter:card\" content=\"summary_large_image\" \/>\n<meta name=\"twitter:label1\" content=\"Tempo estimado de leitura\" \/>\n\t<meta name=\"twitter:data1\" content=\"2 minutos\" \/>\n<script type=\"application\/ld+json\" class=\"yoast-schema-graph\">{\"@context\":\"https:\\\/\\\/schema.org\",\"@graph\":[{\"@type\":\"WebPage\",\"@id\":\"https:\\\/\\\/location-camping-car.com\\\/pt-pt\\\/\",\"url\":\"https:\\\/\\\/location-camping-car.com\\\/pt-pt\\\/\",\"name\":\"Toda a informa\u00e7\u00e3o sobre o aluguer de autocaravanas | Wiki Cooldrive Nomad\",\"isPartOf\":{\"@id\":\"https:\\\/\\\/location-camping-car.com\\\/pt-pt\\\/#website\"},\"datePublished\":\"2023-11-26T12:15:28+00:00\",\"dateModified\":\"2023-12-02T10:28:04+00:00\",\"description\":\"Encontre todas as informa\u00e7\u00f5es necess\u00e1rias para preparar a sua viagem de autocaravana: conselhos, liga\u00e7\u00f5es \u00fateis, experi\u00eancias, etc.\",\"breadcrumb\":{\"@id\":\"https:\\\/\\\/location-camping-car.com\\\/pt-pt\\\/#breadcrumb\"},\"inLanguage\":\"pt-PT\",\"potentialAction\":[{\"@type\":\"ReadAction\",\"target\":[\"https:\\\/\\\/location-camping-car.com\\\/pt-pt\\\/\"]}]},{\"@type\":\"BreadcrumbList\",\"@id\":\"https:\\\/\\\/location-camping-car.com\\\/pt-pt\\\/#breadcrumb\",\"itemListElement\":[{\"@type\":\"ListItem\",\"position\":1,\"name\":\"Accueil\",\"item\":\"https:\\\/\\\/location-camping-car.com\\\/pt-pt\\\/\"},{\"@type\":\"ListItem\",\"position\":2,\"name\":\"Accueil\"}]},{\"@type\":\"WebSite\",\"@id\":\"https:\\\/\\\/location-camping-car.com\\\/pt-pt\\\/#website\",\"url\":\"https:\\\/\\\/location-camping-car.com\\\/pt-pt\\\/\",\"name\":\"Location de camping-car\",\"description\":\"Le wiki de CoolDrive Nomad\",\"publisher\":{\"@id\":\"https:\\\/\\\/location-camping-car.com\\\/pt-pt\\\/#organization\"},\"potentialAction\":[{\"@type\":\"SearchAction\",\"target\":{\"@type\":\"EntryPoint\",\"urlTemplate\":\"https:\\\/\\\/location-camping-car.com\\\/pt-pt\\\/?s={search_term_string}\"},\"query-input\":{\"@type\":\"PropertyValueSpecification\",\"valueRequired\":true,\"valueName\":\"search_term_string\"}}],\"inLanguage\":\"pt-PT\"},{\"@type\":\"Organization\",\"@id\":\"https:\\\/\\\/location-camping-car.com\\\/pt-pt\\\/#organization\",\"name\":\"CoolDrive Nomad\",\"url\":\"https:\\\/\\\/location-camping-car.com\\\/pt-pt\\\/\",\"logo\":{\"@type\":\"ImageObject\",\"inLanguage\":\"pt-PT\",\"@id\":\"https:\\\/\\\/location-camping-car.com\\\/pt-pt\\\/#\\\/schema\\\/logo\\\/image\\\/\",\"url\":\"https:\\\/\\\/location-camping-car.com\\\/wp-content\\\/uploads\\\/2023\\\/11\\\/location-camping-car.png\",\"contentUrl\":\"https:\\\/\\\/location-camping-car.com\\\/wp-content\\\/uploads\\\/2023\\\/11\\\/location-camping-car.png\",\"width\":480,\"height\":80,\"caption\":\"CoolDrive Nomad\"},\"image\":{\"@id\":\"https:\\\/\\\/location-camping-car.com\\\/pt-pt\\\/#\\\/schema\\\/logo\\\/image\\\/\"}}]}<\/script>\n<!-- \/ Yoast SEO plugin. -->","yoast_head_json":{"title":"Toda a informa\u00e7\u00e3o sobre o aluguer de autocaravanas | Wiki Cooldrive Nomad","description":"Encontre todas as informa\u00e7\u00f5es necess\u00e1rias para preparar a sua viagem de autocaravana: conselhos, liga\u00e7\u00f5es \u00fateis, experi\u00eancias, etc.","robots":{"index":"index","follow":"follow","max-snippet":"max-snippet:-1","max-image-preview":"max-image-preview:large","max-video-preview":"max-video-preview:-1"},"canonical":"https:\/\/location-camping-car.com\/pt-pt\/","og_locale":"pt_PT","og_type":"article","og_title":"Toda a informa\u00e7\u00e3o sobre o aluguer de autocaravanas | Wiki Cooldrive Nomad","og_description":"Encontre todas as informa\u00e7\u00f5es necess\u00e1rias para preparar a sua viagem de autocaravana: conselhos, liga\u00e7\u00f5es \u00fateis, experi\u00eancias, etc.","og_url":"https:\/\/location-camping-car.com\/pt-pt\/","og_site_name":"Location de camping-car","article_modified_time":"2023-12-02T10:28:04+00:00","twitter_card":"summary_large_image","twitter_misc":{"Tempo estimado de leitura":"2 minutos"},"schema":{"@context":"https:\/\/schema.org","@graph":[{"@type":"WebPage","@id":"https:\/\/location-camping-car.com\/pt-pt\/","url":"https:\/\/location-camping-car.com\/pt-pt\/","name":"Toda a informa\u00e7\u00e3o sobre o aluguer de autocaravanas | Wiki Cooldrive Nomad","isPartOf":{"@id":"https:\/\/location-camping-car.com\/pt-pt\/#website"},"datePublished":"2023-11-26T12:15:28+00:00","dateModified":"2023-12-02T10:28:04+00:00","description":"Encontre todas as informa\u00e7\u00f5es necess\u00e1rias para preparar a sua viagem de autocaravana: conselhos, liga\u00e7\u00f5es \u00fateis, experi\u00eancias, etc.","breadcrumb":{"@id":"https:\/\/location-camping-car.com\/pt-pt\/#breadcrumb"},"inLanguage":"pt-PT","potentialAction":[{"@type":"ReadAction","target":["https:\/\/location-camping-car.com\/pt-pt\/"]}]},{"@type":"BreadcrumbList","@id":"https:\/\/location-camping-car.com\/pt-pt\/#breadcrumb","itemListElement":[{"@type":"ListItem","position":1,"name":"Accueil","item":"https:\/\/location-camping-car.com\/pt-pt\/"},{"@type":"ListItem","position":2,"name":"Accueil"}]},{"@type":"WebSite","@id":"https:\/\/location-camping-car.com\/pt-pt\/#website","url":"https:\/\/location-camping-car.com\/pt-pt\/","name":"Location de camping-car","description":"Le wiki de CoolDrive Nomad","publisher":{"@id":"https:\/\/location-camping-car.com\/pt-pt\/#organization"},"potentialAction":[{"@type":"SearchAction","target":{"@type":"EntryPoint","urlTemplate":"https:\/\/location-camping-car.com\/pt-pt\/?s={search_term_string}"},"query-input":{"@type":"PropertyValueSpecification","valueRequired":true,"valueName":"search_term_string"}}],"inLanguage":"pt-PT"},{"@type":"Organization","@id":"https:\/\/location-camping-car.com\/pt-pt\/#organization","name":"CoolDrive Nomad","url":"https:\/\/location-camping-car.com\/pt-pt\/","logo":{"@type":"ImageObject","inLanguage":"pt-PT","@id":"https:\/\/location-camping-car.com\/pt-pt\/#\/schema\/logo\/image\/","url":"https:\/\/location-camping-car.com\/wp-content\/uploads\/2023\/11\/location-camping-car.png","contentUrl":"https:\/\/location-camping-car.com\/wp-content\/uploads\/2023\/11\/location-camping-car.png","width":480,"height":80,"caption":"CoolDrive Nomad"},"image":{"@id":"https:\/\/location-camping-car.com\/pt-pt\/#\/schema\/logo\/image\/"}}]}},"_links":{"self":[{"href":"https:\/\/location-camping-car.com\/pt-pt\/wp-json\/wp\/v2\/pages\/350","targetHints":{"allow":["GET"]}}],"collection":[{"href":"https:\/\/location-camping-car.com\/pt-pt\/wp-json\/wp\/v2\/pages"}],"about":[{"href":"https:\/\/location-camping-car.com\/pt-pt\/wp-json\/wp\/v2\/types\/page"}],"author":[{"embeddable":true,"href":"https:\/\/location-camping-car.com\/pt-pt\/wp-json\/wp\/v2\/users\/1"}],"replies":[{"embeddable":true,"href":"https:\/\/location-camping-car.com\/pt-pt\/wp-json\/wp\/v2\/comments?post=350"}],"version-history":[{"count":7,"href":"https:\/\/location-camping-car.com\/pt-pt\/wp-json\/wp\/v2\/pages\/350\/revisions"}],"predecessor-version":[{"id":643,"href":"https:\/\/location-camping-car.com\/pt-pt\/wp-json\/wp\/v2\/pages\/350\/revisions\/643"}],"wp:attachment":[{"href":"https:\/\/location-camping-car.com\/pt-pt\/wp-json\/wp\/v2\/media?parent=350"}],"curies":[{"name":"wp","href":"https:\/\/api.w.org\/{rel}","templated":true}]}}