{"id":351,"date":"2023-11-26T13:15:28","date_gmt":"2023-11-26T12:15:28","guid":{"rendered":"https:\/\/location-camping-car.com\/accueil\/"},"modified":"2023-12-02T11:27:17","modified_gmt":"2023-12-02T10:27:17","slug":"accueil","status":"publish","type":"page","link":"https:\/\/location-camping-car.com\/es\/","title":{"rendered":"Accueil"},"content":{"rendered":"<div class=\"wpb-content-wrapper\"><p>[vc_row full_width=\u00bbstretch_row\u00bb css=\u00bb.vc_custom_1701512833181{margin-bottom: 40px !important;padding-top: 200px !important;padding-bottom: 100px !important;background-image: url(https:\/\/location-camping-car.com\/wp-content\/uploads\/2023\/11\/wiki-camping-car.jpg?id=82) !important;background-position: center !important;background-repeat: no-repeat !important;background-size: cover !important;}\u00bb el_class=\u00bbslide\u00bb][vc_column][vc_column_text]Wiki Cooldrive Nomad<\/p>\n<h1>\u00a1Toda la informaci\u00f3n sobre el alquiler de furgonetas camper!<\/h1>\n<p>[\/vc_column_text][\/vc_column][\/vc_row][vc_row equal_height=\u00bbyes\u00bb css=\u00bb.vc_custom_1701512801781{margin-right: 60px !important;margin-left: 60px !important;}\u00bb][vc_column width=\u00bb1\/2&#8243; offset=\u00bbvc_col-lg-3 vc_col-md-6 vc_col-xs-12&#8243; el_class=\u00bbgreenintro\u00bb][vc_column_text]Bienvenido al wiki de alquiler de autocaravanas, caravanas y furgonetas de CoolDrive Nomad. Hemos reunido una gran cantidad de informaci\u00f3n \u00fatil para ayudarte a preparar tus vacaciones en autocaravana y asegurarnos de que se desarrollan sin problemas. \u00a1Disfrute de su visita![\/vc_column_text][\/vc_column][vc_column width=\u00bb1\/2&#8243; offset=\u00bbvc_col-lg-3 vc_col-md-6 vc_col-xs-12&#8243;][vc_column_text]<\/p>\n<h2 style=\"text-align: center;\">Prueba de veh\u00edculo<\/h2>\n<p>[\/vc_column_text][vc_basic_grid post_type=\u00bbpost\u00bb max_items=\u00bb5&#8243; element_width=\u00bb12&#8243; gap=\u00bb10&#8243; item=\u00bb88&#8243; grid_id=\u00bbvc_gid:1701512770279-7e4facc9-3095-8&#8243; taxonomies=\u00bb11&#8243;][\/vc_column][vc_column width=\u00bb1\/2&#8243; offset=\u00bbvc_col-lg-3 vc_col-md-6 vc_col-xs-12&#8243;][vc_column_text]<\/p>\n<h2 style=\"text-align: center;\">Zonas de aparcamiento<\/h2>\n<p>[\/vc_column_text][vc_basic_grid post_type=\u00bbpost\u00bb max_items=\u00bb5&#8243; element_width=\u00bb12&#8243; gap=\u00bb10&#8243; item=\u00bb88&#8243; grid_id=\u00bbvc_gid:1701512770280-71b34f85-e723-7&#8243; taxonomies=\u00bb10&#8243;][\/vc_column][vc_column width=\u00bb1\/2&#8243; offset=\u00bbvc_col-lg-3 vc_col-md-6 vc_col-xs-12&#8243;][vc_column_text]<\/p>\n<h2 style=\"text-align: center;\">Durante el viaje<\/h2>\n<p>[\/vc_column_text][vc_basic_grid post_type=\u00bbpost\u00bb max_items=\u00bb5&#8243; element_width=\u00bb12&#8243; gap=\u00bb10&#8243; item=\u00bb88&#8243; grid_id=\u00bbvc_gid:1701512770281-70e6b46f-5d0f-10&#8243; taxonomies=\u00bb5&#8243;][\/vc_column][\/vc_row][vc_row css=\u00bb.vc_custom_1701158931907{margin-right: 60px !important;margin-left: 60px !important;}\u00bb][vc_column width=\u00bb1\/2&#8243; offset=\u00bbvc_col-lg-3 vc_col-md-6 vc_col-xs-12&#8243;][vc_column_text]<\/p>\n<h2 style=\"text-align: center;\">A la vuelta<\/h2>\n<p>[\/vc_column_text][vc_basic_grid post_type=\u00bbpost\u00bb max_items=\u00bb5&#8243; element_width=\u00bb12&#8243; gap=\u00bb10&#8243; item=\u00bb88&#8243; grid_id=\u00bbvc_gid:1701512770281-91ce4bf4-6dcf-5&#8243; taxonomies=\u00bb12&#8243;][\/vc_column][vc_column width=\u00bb1\/2&#8243; offset=\u00bbvc_col-lg-3 vc_col-md-6 vc_col-xs-12&#8243;][vc_column_text]<\/p>\n<h2 style=\"text-align: center;\">Testimonios<\/h2>\n<p>[\/vc_column_text][vc_basic_grid post_type=\u00bbpost\u00bb max_items=\u00bb5&#8243; element_width=\u00bb12&#8243; gap=\u00bb10&#8243; item=\u00bb88&#8243; grid_id=\u00bbvc_gid:1701512770282-05b502db-18b9-1&#8243; taxonomies=\u00bb7&#8243;][\/vc_column][vc_column width=\u00bb1\/2&#8243; offset=\u00bbvc_col-lg-3 vc_col-md-6 vc_col-xs-12&#8243;][vc_column_text]<\/p>\n<h2 style=\"text-align: center;\">Especificidades de pa\u00eds<\/h2>\n<p>[\/vc_column_text][vc_basic_grid post_type=\u00bbpost\u00bb max_items=\u00bb5&#8243; element_width=\u00bb12&#8243; gap=\u00bb10&#8243; item=\u00bb88&#8243; grid_id=\u00bbvc_gid:1701512770283-c3f17723-cd45-6&#8243; taxonomies=\u00bb9&#8243;][\/vc_column][vc_column width=\u00bb1\/2&#8243; offset=\u00bbvc_col-lg-3 vc_col-md-6 vc_col-xs-12&#8243;][vc_column_text]<\/p>\n<h2 style=\"text-align: center;\">Preparativos<\/h2>\n<p>[\/vc_column_text][vc_basic_grid post_type=\u00bbpost\u00bb max_items=\u00bb5&#8243; element_width=\u00bb12&#8243; gap=\u00bb10&#8243; item=\u00bb88&#8243; grid_id=\u00bbvc_gid:1701512770283-e64154f7-7ac1-1&#8243; taxonomies=\u00bb4&#8243;][\/vc_column][\/vc_row][vc_row css=\u00bb.vc_custom_1701158931907{margin-right: 60px !important;margin-left: 60px !important;}\u00bb][vc_column width=\u00bb1\/4&#8243; offset=\u00bbvc_col-lg-3 vc_col-md-6 vc_col-xs-12&#8243;][vc_column_text]<\/p>\n<h2 style=\"text-align: center;\">Diverso<\/h2>\n<p>[\/vc_column_text][vc_basic_grid post_type=\u00bbpost\u00bb max_items=\u00bb5&#8243; element_width=\u00bb12&#8243; gap=\u00bb10&#8243; item=\u00bb88&#8243; grid_id=\u00bbvc_gid:1701512770284-662edd46-5fe9-10&#8243; taxonomies=\u00bb13&#8243;][\/vc_column][vc_column width=\u00bb1\/4&#8243; offset=\u00bbvc_col-lg-3 vc_col-md-6 vc_col-xs-12&#8243;][vc_column_text]<\/p>\n<h2 style=\"text-align: center;\">Seguro<\/h2>\n<p>[\/vc_column_text][vc_basic_grid post_type=\u00bbpost\u00bb max_items=\u00bb5&#8243; element_width=\u00bb12&#8243; gap=\u00bb10&#8243; item=\u00bb88&#8243; grid_id=\u00bbvc_gid:1701512770284-023fbdb6-78eb-0&#8243; taxonomies=\u00bb2&#8243;][\/vc_column][vc_column width=\u00bb1\/4&#8243; offset=\u00bbvc_col-lg-3 vc_col-md-6 vc_col-xs-12&#8243;][vc_column_text]<\/p>\n<h2 style=\"text-align: center;\">Permiso de conducir<\/h2>\n<p>[\/vc_column_text][vc_basic_grid post_type=\u00bbpost\u00bb max_items=\u00bb5&#8243; element_width=\u00bb12&#8243; gap=\u00bb10&#8243; item=\u00bb88&#8243; grid_id=\u00bbvc_gid:1701512770285-b0c5ddf8-1c0c-9&#8243; taxonomies=\u00bb6&#8243;][\/vc_column][vc_column width=\u00bb1\/4&#8243;][vc_column_text]<\/p>\n<h2 style=\"text-align: center;\">Videos<\/h2>\n<p>[\/vc_column_text][vc_basic_grid post_type=\u00bbpost\u00bb max_items=\u00bb5&#8243; element_width=\u00bb12&#8243; gap=\u00bb10&#8243; item=\u00bb88&#8243; grid_id=\u00bbvc_gid:1701512770278-00288651-11ea-9&#8243; taxonomies=\u00bb8&#8243;][\/vc_column][\/vc_row]<\/p>\n<\/div>","protected":false},"excerpt":{"rendered":"<p>[vc_row full_width=\u00bbstretch_row\u00bb css=\u00bb.vc_custom_1701512833181{margin-bottom: 40px !important;padding-top: 200px !important;padding-bottom: 100px !important;background-image: url(https:\/\/location-camping-car.com\/wp-content\/uploads\/2023\/11\/wiki-camping-car.jpg?id=82) !important;background-position: center !important;background-repeat: no-repeat !important;background-size: cover !important;}\u00bb el_class=\u00bbslide\u00bb][vc_column][vc_column_text]Wiki Cooldrive Nomad \u00a1Toda la informaci\u00f3n sobre el alquiler de furgonetas camper! [\/vc_column_text][\/vc_column][\/vc_row][vc_row equal_height=\u00bbyes\u00bb css=\u00bb.vc_custom_1701512801781{margin-right: 60px !important;margin-left: 60px !important;}\u00bb][vc_column width=\u00bb1\/2&#8243; offset=\u00bbvc_col-lg-3 vc_col-md-6 vc_col-xs-12&#8243; el_class=\u00bbgreenintro\u00bb][vc_column_text]Bienvenido al wiki de alquiler de autocaravanas, caravanas y furgonetas de CoolDrive Nomad. Hemos reunido [&hellip;]<\/p>\n","protected":false},"author":1,"featured_media":0,"parent":0,"menu_order":0,"comment_status":"closed","ping_status":"closed","template":"","meta":{"footnotes":""},"class_list":["post-351","page","type-page","status-publish","hentry"],"yoast_head":"<!-- This site is optimized with the Yoast SEO plugin v27.4 - https:\/\/yoast.com\/product\/yoast-seo-wordpress\/ -->\n<title>Toda la informaci\u00f3n sobre el alquiler de autocaravanas | Wiki Cooldrive<\/title>\n<meta name=\"description\" content=\"Encuentra toda la informaci\u00f3n que necesitas para preparar tu viaje en autocaravana: consejos, enlaces \u00fatiles, experiencias, etc.\" \/>\n<meta name=\"robots\" content=\"index, follow, max-snippet:-1, max-image-preview:large, max-video-preview:-1\" \/>\n<link rel=\"canonical\" href=\"https:\/\/location-camping-car.com\/es\/\" \/>\n<meta property=\"og:locale\" content=\"es_ES\" \/>\n<meta property=\"og:type\" content=\"article\" \/>\n<meta property=\"og:title\" content=\"Toda la informaci\u00f3n sobre el alquiler de autocaravanas | Wiki Cooldrive\" \/>\n<meta property=\"og:description\" content=\"Encuentra toda la informaci\u00f3n que necesitas para preparar tu viaje en autocaravana: consejos, enlaces \u00fatiles, experiencias, etc.\" \/>\n<meta property=\"og:url\" content=\"https:\/\/location-camping-car.com\/es\/\" \/>\n<meta property=\"og:site_name\" content=\"Location de camping-car\" \/>\n<meta property=\"article:modified_time\" content=\"2023-12-02T10:27:17+00:00\" \/>\n<meta name=\"twitter:card\" content=\"summary_large_image\" \/>\n<meta name=\"twitter:label1\" content=\"Tiempo de lectura\" \/>\n\t<meta name=\"twitter:data1\" content=\"2 minutos\" \/>\n<script type=\"application\/ld+json\" class=\"yoast-schema-graph\">{\"@context\":\"https:\\\/\\\/schema.org\",\"@graph\":[{\"@type\":\"WebPage\",\"@id\":\"https:\\\/\\\/location-camping-car.com\\\/es\\\/\",\"url\":\"https:\\\/\\\/location-camping-car.com\\\/es\\\/\",\"name\":\"Toda la informaci\u00f3n sobre el alquiler de autocaravanas | Wiki Cooldrive\",\"isPartOf\":{\"@id\":\"https:\\\/\\\/location-camping-car.com\\\/es\\\/#website\"},\"datePublished\":\"2023-11-26T12:15:28+00:00\",\"dateModified\":\"2023-12-02T10:27:17+00:00\",\"description\":\"Encuentra toda la informaci\u00f3n que necesitas para preparar tu viaje en autocaravana: consejos, enlaces \u00fatiles, experiencias, etc.\",\"breadcrumb\":{\"@id\":\"https:\\\/\\\/location-camping-car.com\\\/es\\\/#breadcrumb\"},\"inLanguage\":\"es\",\"potentialAction\":[{\"@type\":\"ReadAction\",\"target\":[\"https:\\\/\\\/location-camping-car.com\\\/es\\\/\"]}]},{\"@type\":\"BreadcrumbList\",\"@id\":\"https:\\\/\\\/location-camping-car.com\\\/es\\\/#breadcrumb\",\"itemListElement\":[{\"@type\":\"ListItem\",\"position\":1,\"name\":\"Accueil\",\"item\":\"https:\\\/\\\/location-camping-car.com\\\/es\\\/\"},{\"@type\":\"ListItem\",\"position\":2,\"name\":\"Accueil\"}]},{\"@type\":\"WebSite\",\"@id\":\"https:\\\/\\\/location-camping-car.com\\\/es\\\/#website\",\"url\":\"https:\\\/\\\/location-camping-car.com\\\/es\\\/\",\"name\":\"Location de camping-car\",\"description\":\"Le wiki de CoolDrive Nomad\",\"publisher\":{\"@id\":\"https:\\\/\\\/location-camping-car.com\\\/es\\\/#organization\"},\"potentialAction\":[{\"@type\":\"SearchAction\",\"target\":{\"@type\":\"EntryPoint\",\"urlTemplate\":\"https:\\\/\\\/location-camping-car.com\\\/es\\\/?s={search_term_string}\"},\"query-input\":{\"@type\":\"PropertyValueSpecification\",\"valueRequired\":true,\"valueName\":\"search_term_string\"}}],\"inLanguage\":\"es\"},{\"@type\":\"Organization\",\"@id\":\"https:\\\/\\\/location-camping-car.com\\\/es\\\/#organization\",\"name\":\"CoolDrive Nomad\",\"url\":\"https:\\\/\\\/location-camping-car.com\\\/es\\\/\",\"logo\":{\"@type\":\"ImageObject\",\"inLanguage\":\"es\",\"@id\":\"https:\\\/\\\/location-camping-car.com\\\/es\\\/#\\\/schema\\\/logo\\\/image\\\/\",\"url\":\"https:\\\/\\\/location-camping-car.com\\\/wp-content\\\/uploads\\\/2023\\\/11\\\/location-camping-car.png\",\"contentUrl\":\"https:\\\/\\\/location-camping-car.com\\\/wp-content\\\/uploads\\\/2023\\\/11\\\/location-camping-car.png\",\"width\":480,\"height\":80,\"caption\":\"CoolDrive Nomad\"},\"image\":{\"@id\":\"https:\\\/\\\/location-camping-car.com\\\/es\\\/#\\\/schema\\\/logo\\\/image\\\/\"}}]}<\/script>\n<!-- \/ Yoast SEO plugin. -->","yoast_head_json":{"title":"Toda la informaci\u00f3n sobre el alquiler de autocaravanas | Wiki Cooldrive","description":"Encuentra toda la informaci\u00f3n que necesitas para preparar tu viaje en autocaravana: consejos, enlaces \u00fatiles, experiencias, etc.","robots":{"index":"index","follow":"follow","max-snippet":"max-snippet:-1","max-image-preview":"max-image-preview:large","max-video-preview":"max-video-preview:-1"},"canonical":"https:\/\/location-camping-car.com\/es\/","og_locale":"es_ES","og_type":"article","og_title":"Toda la informaci\u00f3n sobre el alquiler de autocaravanas | Wiki Cooldrive","og_description":"Encuentra toda la informaci\u00f3n que necesitas para preparar tu viaje en autocaravana: consejos, enlaces \u00fatiles, experiencias, etc.","og_url":"https:\/\/location-camping-car.com\/es\/","og_site_name":"Location de camping-car","article_modified_time":"2023-12-02T10:27:17+00:00","twitter_card":"summary_large_image","twitter_misc":{"Tiempo de lectura":"2 minutos"},"schema":{"@context":"https:\/\/schema.org","@graph":[{"@type":"WebPage","@id":"https:\/\/location-camping-car.com\/es\/","url":"https:\/\/location-camping-car.com\/es\/","name":"Toda la informaci\u00f3n sobre el alquiler de autocaravanas | Wiki Cooldrive","isPartOf":{"@id":"https:\/\/location-camping-car.com\/es\/#website"},"datePublished":"2023-11-26T12:15:28+00:00","dateModified":"2023-12-02T10:27:17+00:00","description":"Encuentra toda la informaci\u00f3n que necesitas para preparar tu viaje en autocaravana: consejos, enlaces \u00fatiles, experiencias, etc.","breadcrumb":{"@id":"https:\/\/location-camping-car.com\/es\/#breadcrumb"},"inLanguage":"es","potentialAction":[{"@type":"ReadAction","target":["https:\/\/location-camping-car.com\/es\/"]}]},{"@type":"BreadcrumbList","@id":"https:\/\/location-camping-car.com\/es\/#breadcrumb","itemListElement":[{"@type":"ListItem","position":1,"name":"Accueil","item":"https:\/\/location-camping-car.com\/es\/"},{"@type":"ListItem","position":2,"name":"Accueil"}]},{"@type":"WebSite","@id":"https:\/\/location-camping-car.com\/es\/#website","url":"https:\/\/location-camping-car.com\/es\/","name":"Location de camping-car","description":"Le wiki de CoolDrive Nomad","publisher":{"@id":"https:\/\/location-camping-car.com\/es\/#organization"},"potentialAction":[{"@type":"SearchAction","target":{"@type":"EntryPoint","urlTemplate":"https:\/\/location-camping-car.com\/es\/?s={search_term_string}"},"query-input":{"@type":"PropertyValueSpecification","valueRequired":true,"valueName":"search_term_string"}}],"inLanguage":"es"},{"@type":"Organization","@id":"https:\/\/location-camping-car.com\/es\/#organization","name":"CoolDrive Nomad","url":"https:\/\/location-camping-car.com\/es\/","logo":{"@type":"ImageObject","inLanguage":"es","@id":"https:\/\/location-camping-car.com\/es\/#\/schema\/logo\/image\/","url":"https:\/\/location-camping-car.com\/wp-content\/uploads\/2023\/11\/location-camping-car.png","contentUrl":"https:\/\/location-camping-car.com\/wp-content\/uploads\/2023\/11\/location-camping-car.png","width":480,"height":80,"caption":"CoolDrive Nomad"},"image":{"@id":"https:\/\/location-camping-car.com\/es\/#\/schema\/logo\/image\/"}}]}},"_links":{"self":[{"href":"https:\/\/location-camping-car.com\/es\/wp-json\/wp\/v2\/pages\/351","targetHints":{"allow":["GET"]}}],"collection":[{"href":"https:\/\/location-camping-car.com\/es\/wp-json\/wp\/v2\/pages"}],"about":[{"href":"https:\/\/location-camping-car.com\/es\/wp-json\/wp\/v2\/types\/page"}],"author":[{"embeddable":true,"href":"https:\/\/location-camping-car.com\/es\/wp-json\/wp\/v2\/users\/1"}],"replies":[{"embeddable":true,"href":"https:\/\/location-camping-car.com\/es\/wp-json\/wp\/v2\/comments?post=351"}],"version-history":[{"count":4,"href":"https:\/\/location-camping-car.com\/es\/wp-json\/wp\/v2\/pages\/351\/revisions"}],"predecessor-version":[{"id":642,"href":"https:\/\/location-camping-car.com\/es\/wp-json\/wp\/v2\/pages\/351\/revisions\/642"}],"wp:attachment":[{"href":"https:\/\/location-camping-car.com\/es\/wp-json\/wp\/v2\/media?parent=351"}],"curies":[{"name":"wp","href":"https:\/\/api.w.org\/{rel}","templated":true}]}}