{"id":348,"date":"2023-11-26T13:15:28","date_gmt":"2023-11-26T12:15:28","guid":{"rendered":"https:\/\/location-camping-car.com\/accueil\/"},"modified":"2023-12-02T11:22:37","modified_gmt":"2023-12-02T10:22:37","slug":"accueil","status":"publish","type":"page","link":"https:\/\/location-camping-car.com\/de\/","title":{"rendered":"Accueil"},"content":{"rendered":"<div class=\"wpb-content-wrapper\"><p>[vc_row full_width=&#8220;stretch_row&#8220; css=&#8220;.vc_custom_1701512553420{margin-bottom: 40px !important;padding-top: 200px !important;padding-bottom: 100px !important;background-image: url(https:\/\/location-camping-car.com\/wp-content\/uploads\/2023\/11\/wiki-camping-car.jpg?id=82) !important;background-position: center !important;background-repeat: no-repeat !important;background-size: cover !important;}&#8220; el_class=&#8220;slide&#8220;][vc_column][vc_column_text]Wiki Cooldrive Nomad<\/p>\n<h1>Alle Informationen zur Wohnmobilvermietung!<\/h1>\n<p>[\/vc_column_text][\/vc_column][\/vc_row][vc_row equal_height=&#8220;yes&#8220; css=&#8220;.vc_custom_1701512545378{margin-right: 60px !important;margin-left: 60px !important;}&#8220;][vc_column width=&#8220;1\/2&#8243; offset=&#8220;vc_col-lg-3 vc_col-md-6 vc_col-xs-12&#8243; el_class=&#8220;greenintro&#8220;][vc_column_text]Willkommen im Wiki f\u00fcr die Vermietung von Wohnmobilen, Campervans und ausgebauten Vans von CoolDrive Nomad. Hier haben wir f\u00fcr Sie viele n\u00fctzliche Daten zusammengestellt, die Ihnen bei der Vorbereitung Ihres Wohnmobilurlaubs helfen und daf\u00fcr sorgen, dass dieser unter den besten Bedingungen stattfindet. Viel Spa\u00df beim Lesen![\/vc_column_text][\/vc_column][vc_column width=&#8220;1\/2&#8243; offset=&#8220;vc_col-lg-3 vc_col-md-6 vc_col-xs-12&#8243;][vc_column_text]<\/p>\n<h2 style=\"text-align: center;\">Fahrzeugtest<\/h2>\n<p>[\/vc_column_text][vc_basic_grid post_type=&#8220;post&#8220; max_items=&#8220;5&#8243; element_width=&#8220;12&#8243; gap=&#8220;10&#8243; item=&#8220;88&#8243; grid_id=&#8220;vc_gid:1701512508863-7ce88cc8-2c26-6&#8243; taxonomies=&#8220;11&#8243;][\/vc_column][vc_column width=&#8220;1\/2&#8243; offset=&#8220;vc_col-lg-3 vc_col-md-6 vc_col-xs-12&#8243;][vc_column_text]<\/p>\n<h2 style=\"text-align: center;\">Parkpl\u00e4tze<\/h2>\n<p>[\/vc_column_text][vc_basic_grid post_type=&#8220;post&#8220; max_items=&#8220;5&#8243; element_width=&#8220;12&#8243; gap=&#8220;10&#8243; item=&#8220;88&#8243; grid_id=&#8220;vc_gid:1701512508863-f0b4526e-7576-9&#8243; taxonomies=&#8220;10&#8243;][\/vc_column][vc_column width=&#8220;1\/2&#8243; offset=&#8220;vc_col-lg-3 vc_col-md-6 vc_col-xs-12&#8243;][vc_column_text]<\/p>\n<h2 style=\"text-align: center;\">W\u00e4hrend des Ausflugs<\/h2>\n<p>[\/vc_column_text][vc_basic_grid post_type=&#8220;post&#8220; max_items=&#8220;5&#8243; element_width=&#8220;12&#8243; gap=&#8220;10&#8243; item=&#8220;88&#8243; grid_id=&#8220;vc_gid:1701512508864-1566690b-a5ae-10&#8243; taxonomies=&#8220;5&#8243;][\/vc_column][\/vc_row][vc_row css=&#8220;.vc_custom_1701158931907{margin-right: 60px !important;margin-left: 60px !important;}&#8220;][vc_column width=&#8220;1\/2&#8243; offset=&#8220;vc_col-lg-3 vc_col-md-6 vc_col-xs-12&#8243;][vc_column_text]<\/p>\n<h2 style=\"text-align: center;\">Auf dem R\u00fcckweg<\/h2>\n<p>[\/vc_column_text][vc_basic_grid post_type=&#8220;post&#8220; max_items=&#8220;5&#8243; element_width=&#8220;12&#8243; gap=&#8220;10&#8243; item=&#8220;88&#8243; grid_id=&#8220;vc_gid:1701512508865-17902438-3220-2&#8243; taxonomies=&#8220;12&#8243;][\/vc_column][vc_column width=&#8220;1\/2&#8243; offset=&#8220;vc_col-lg-3 vc_col-md-6 vc_col-xs-12&#8243;][vc_column_text]<\/p>\n<h2 style=\"text-align: center;\">Referenzen<\/h2>\n<p>[\/vc_column_text][vc_basic_grid post_type=&#8220;post&#8220; max_items=&#8220;5&#8243; element_width=&#8220;12&#8243; gap=&#8220;10&#8243; item=&#8220;88&#8243; grid_id=&#8220;vc_gid:1701512508866-7660304a-ce82-9&#8243; taxonomies=&#8220;7&#8243;][\/vc_column][vc_column width=&#8220;1\/2&#8243; offset=&#8220;vc_col-lg-3 vc_col-md-6 vc_col-xs-12&#8243;][vc_column_text]<\/p>\n<h2 style=\"text-align: center;\">L\u00e4nderspezifische Besonderheiten<\/h2>\n<p>[\/vc_column_text][vc_basic_grid post_type=&#8220;post&#8220; max_items=&#8220;5&#8243; element_width=&#8220;12&#8243; gap=&#8220;10&#8243; item=&#8220;88&#8243; grid_id=&#8220;vc_gid:1701512508866-0801459b-367a-6&#8243; taxonomies=&#8220;9&#8243;][\/vc_column][vc_column width=&#8220;1\/2&#8243; offset=&#8220;vc_col-lg-3 vc_col-md-6 vc_col-xs-12&#8243;][vc_column_text]<\/p>\n<h2 style=\"text-align: center;\">Vorbereitungen<\/h2>\n<p>[\/vc_column_text][vc_basic_grid post_type=&#8220;post&#8220; max_items=&#8220;5&#8243; element_width=&#8220;12&#8243; gap=&#8220;10&#8243; item=&#8220;88&#8243; grid_id=&#8220;vc_gid:1701512508867-917495af-2982-6&#8243; taxonomies=&#8220;4&#8243;][\/vc_column][\/vc_row][vc_row css=&#8220;.vc_custom_1701158931907{margin-right: 60px !important;margin-left: 60px !important;}&#8220;][vc_column width=&#8220;1\/4&#8243; offset=&#8220;vc_col-lg-3 vc_col-md-6 vc_col-xs-12&#8243;][vc_column_text]<\/p>\n<h2 style=\"text-align: center;\">Verschiedenes<\/h2>\n<p>[\/vc_column_text][vc_basic_grid post_type=&#8220;post&#8220; max_items=&#8220;5&#8243; element_width=&#8220;12&#8243; gap=&#8220;10&#8243; item=&#8220;88&#8243; grid_id=&#8220;vc_gid:1701512508868-7dacd88b-2a6f-2&#8243; taxonomies=&#8220;14&#8243;][\/vc_column][vc_column width=&#8220;1\/4&#8243; offset=&#8220;vc_col-lg-3 vc_col-md-6 vc_col-xs-12&#8243;][vc_column_text]<\/p>\n<h2 style=\"text-align: center;\">Versicherung<\/h2>\n<p>[\/vc_column_text][vc_basic_grid post_type=&#8220;post&#8220; max_items=&#8220;5&#8243; element_width=&#8220;12&#8243; gap=&#8220;10&#8243; item=&#8220;88&#8243; grid_id=&#8220;vc_gid:1701512508868-2eca2906-85b9-2&#8243; taxonomies=&#8220;2&#8243;][\/vc_column][vc_column width=&#8220;1\/4&#8243; offset=&#8220;vc_col-lg-3 vc_col-md-6 vc_col-xs-12&#8243;][vc_column_text]<\/p>\n<h2 style=\"text-align: center;\">Fahrerlaubnis<\/h2>\n<p>[\/vc_column_text][vc_basic_grid post_type=&#8220;post&#8220; max_items=&#8220;5&#8243; element_width=&#8220;12&#8243; gap=&#8220;10&#8243; item=&#8220;88&#8243; grid_id=&#8220;vc_gid:1701512508869-3edb4e1b-e280-5&#8243; taxonomies=&#8220;6&#8243;][\/vc_column][vc_column width=&#8220;1\/4&#8243;][vc_column_text]<\/p>\n<h2 style=\"text-align: center;\">Videos<\/h2>\n<p>[\/vc_column_text][vc_basic_grid post_type=&#8220;post&#8220; max_items=&#8220;5&#8243; element_width=&#8220;12&#8243; gap=&#8220;10&#8243; item=&#8220;88&#8243; grid_id=&#8220;vc_gid:1701512508862-1ff606af-aa98-0&#8243; taxonomies=&#8220;8&#8243;][\/vc_column][\/vc_row]<\/p>\n<\/div>","protected":false},"excerpt":{"rendered":"<p>[vc_row full_width=&#8220;stretch_row&#8220; css=&#8220;.vc_custom_1701512553420{margin-bottom: 40px !important;padding-top: 200px !important;padding-bottom: 100px !important;background-image: url(https:\/\/location-camping-car.com\/wp-content\/uploads\/2023\/11\/wiki-camping-car.jpg?id=82) !important;background-position: center !important;background-repeat: no-repeat !important;background-size: cover !important;}&#8220; el_class=&#8220;slide&#8220;][vc_column][vc_column_text]Wiki Cooldrive Nomad Alle Informationen zur Wohnmobilvermietung! [\/vc_column_text][\/vc_column][\/vc_row][vc_row equal_height=&#8220;yes&#8220; css=&#8220;.vc_custom_1701512545378{margin-right: 60px !important;margin-left: 60px !important;}&#8220;][vc_column width=&#8220;1\/2&#8243; offset=&#8220;vc_col-lg-3 vc_col-md-6 vc_col-xs-12&#8243; el_class=&#8220;greenintro&#8220;][vc_column_text]Willkommen im Wiki f\u00fcr die Vermietung von Wohnmobilen, Campervans und ausgebauten Vans von CoolDrive Nomad. Hier haben wir f\u00fcr Sie [&hellip;]<\/p>\n","protected":false},"author":1,"featured_media":0,"parent":0,"menu_order":0,"comment_status":"closed","ping_status":"closed","template":"","meta":{"footnotes":""},"class_list":["post-348","page","type-page","status-publish","hentry"],"yoast_head":"<!-- This site is optimized with the Yoast SEO plugin v27.3 - https:\/\/yoast.com\/product\/yoast-seo-wordpress\/ -->\n<title>Alle Infos zum Mieten von Wohnmobilen | Wiki Cooldrive Nomad<\/title>\n<meta name=\"description\" content=\"Hier finden Sie alle Informationen, die Sie ben\u00f6tigen, um Ihr Reiseprojekt mit dem Wohnmobil optimal vorzubereiten: Tipps, n\u00fctzliche Links, Erfahrungen, ...\" \/>\n<meta name=\"robots\" content=\"index, follow, max-snippet:-1, max-image-preview:large, max-video-preview:-1\" \/>\n<link rel=\"canonical\" href=\"https:\/\/location-camping-car.com\/de\/\" \/>\n<meta property=\"og:locale\" content=\"de_DE\" \/>\n<meta property=\"og:type\" content=\"article\" \/>\n<meta property=\"og:title\" content=\"Alle Infos zum Mieten von Wohnmobilen | Wiki Cooldrive Nomad\" \/>\n<meta property=\"og:description\" content=\"Hier finden Sie alle Informationen, die Sie ben\u00f6tigen, um Ihr Reiseprojekt mit dem Wohnmobil optimal vorzubereiten: Tipps, n\u00fctzliche Links, Erfahrungen, ...\" \/>\n<meta property=\"og:url\" content=\"https:\/\/location-camping-car.com\/de\/\" \/>\n<meta property=\"og:site_name\" content=\"Location de camping-car\" \/>\n<meta property=\"article:modified_time\" content=\"2023-12-02T10:22:37+00:00\" \/>\n<meta name=\"twitter:card\" content=\"summary_large_image\" \/>\n<meta name=\"twitter:label1\" content=\"Gesch\u00e4tzte Lesezeit\" \/>\n\t<meta name=\"twitter:data1\" content=\"2\u00a0Minuten\" \/>\n<script type=\"application\/ld+json\" class=\"yoast-schema-graph\">{\"@context\":\"https:\\\/\\\/schema.org\",\"@graph\":[{\"@type\":\"WebPage\",\"@id\":\"https:\\\/\\\/location-camping-car.com\\\/de\\\/\",\"url\":\"https:\\\/\\\/location-camping-car.com\\\/de\\\/\",\"name\":\"Alle Infos zum Mieten von Wohnmobilen | Wiki Cooldrive Nomad\",\"isPartOf\":{\"@id\":\"https:\\\/\\\/location-camping-car.com\\\/de\\\/#website\"},\"datePublished\":\"2023-11-26T12:15:28+00:00\",\"dateModified\":\"2023-12-02T10:22:37+00:00\",\"description\":\"Hier finden Sie alle Informationen, die Sie ben\u00f6tigen, um Ihr Reiseprojekt mit dem Wohnmobil optimal vorzubereiten: Tipps, n\u00fctzliche Links, Erfahrungen, ...\",\"breadcrumb\":{\"@id\":\"https:\\\/\\\/location-camping-car.com\\\/de\\\/#breadcrumb\"},\"inLanguage\":\"de\",\"potentialAction\":[{\"@type\":\"ReadAction\",\"target\":[\"https:\\\/\\\/location-camping-car.com\\\/de\\\/\"]}]},{\"@type\":\"BreadcrumbList\",\"@id\":\"https:\\\/\\\/location-camping-car.com\\\/de\\\/#breadcrumb\",\"itemListElement\":[{\"@type\":\"ListItem\",\"position\":1,\"name\":\"Accueil\",\"item\":\"https:\\\/\\\/location-camping-car.com\\\/de\\\/\"},{\"@type\":\"ListItem\",\"position\":2,\"name\":\"Accueil\"}]},{\"@type\":\"WebSite\",\"@id\":\"https:\\\/\\\/location-camping-car.com\\\/de\\\/#website\",\"url\":\"https:\\\/\\\/location-camping-car.com\\\/de\\\/\",\"name\":\"Location de camping-car\",\"description\":\"Le wiki de CoolDrive Nomad\",\"publisher\":{\"@id\":\"https:\\\/\\\/location-camping-car.com\\\/de\\\/#organization\"},\"potentialAction\":[{\"@type\":\"SearchAction\",\"target\":{\"@type\":\"EntryPoint\",\"urlTemplate\":\"https:\\\/\\\/location-camping-car.com\\\/de\\\/?s={search_term_string}\"},\"query-input\":{\"@type\":\"PropertyValueSpecification\",\"valueRequired\":true,\"valueName\":\"search_term_string\"}}],\"inLanguage\":\"de\"},{\"@type\":\"Organization\",\"@id\":\"https:\\\/\\\/location-camping-car.com\\\/de\\\/#organization\",\"name\":\"CoolDrive Nomad\",\"url\":\"https:\\\/\\\/location-camping-car.com\\\/de\\\/\",\"logo\":{\"@type\":\"ImageObject\",\"inLanguage\":\"de\",\"@id\":\"https:\\\/\\\/location-camping-car.com\\\/de\\\/#\\\/schema\\\/logo\\\/image\\\/\",\"url\":\"https:\\\/\\\/location-camping-car.com\\\/wp-content\\\/uploads\\\/2023\\\/11\\\/location-camping-car.png\",\"contentUrl\":\"https:\\\/\\\/location-camping-car.com\\\/wp-content\\\/uploads\\\/2023\\\/11\\\/location-camping-car.png\",\"width\":480,\"height\":80,\"caption\":\"CoolDrive Nomad\"},\"image\":{\"@id\":\"https:\\\/\\\/location-camping-car.com\\\/de\\\/#\\\/schema\\\/logo\\\/image\\\/\"}}]}<\/script>\n<!-- \/ Yoast SEO plugin. -->","yoast_head_json":{"title":"Alle Infos zum Mieten von Wohnmobilen | Wiki Cooldrive Nomad","description":"Hier finden Sie alle Informationen, die Sie ben\u00f6tigen, um Ihr Reiseprojekt mit dem Wohnmobil optimal vorzubereiten: Tipps, n\u00fctzliche Links, Erfahrungen, ...","robots":{"index":"index","follow":"follow","max-snippet":"max-snippet:-1","max-image-preview":"max-image-preview:large","max-video-preview":"max-video-preview:-1"},"canonical":"https:\/\/location-camping-car.com\/de\/","og_locale":"de_DE","og_type":"article","og_title":"Alle Infos zum Mieten von Wohnmobilen | Wiki Cooldrive Nomad","og_description":"Hier finden Sie alle Informationen, die Sie ben\u00f6tigen, um Ihr Reiseprojekt mit dem Wohnmobil optimal vorzubereiten: Tipps, n\u00fctzliche Links, Erfahrungen, ...","og_url":"https:\/\/location-camping-car.com\/de\/","og_site_name":"Location de camping-car","article_modified_time":"2023-12-02T10:22:37+00:00","twitter_card":"summary_large_image","twitter_misc":{"Gesch\u00e4tzte Lesezeit":"2\u00a0Minuten"},"schema":{"@context":"https:\/\/schema.org","@graph":[{"@type":"WebPage","@id":"https:\/\/location-camping-car.com\/de\/","url":"https:\/\/location-camping-car.com\/de\/","name":"Alle Infos zum Mieten von Wohnmobilen | Wiki Cooldrive Nomad","isPartOf":{"@id":"https:\/\/location-camping-car.com\/de\/#website"},"datePublished":"2023-11-26T12:15:28+00:00","dateModified":"2023-12-02T10:22:37+00:00","description":"Hier finden Sie alle Informationen, die Sie ben\u00f6tigen, um Ihr Reiseprojekt mit dem Wohnmobil optimal vorzubereiten: Tipps, n\u00fctzliche Links, Erfahrungen, ...","breadcrumb":{"@id":"https:\/\/location-camping-car.com\/de\/#breadcrumb"},"inLanguage":"de","potentialAction":[{"@type":"ReadAction","target":["https:\/\/location-camping-car.com\/de\/"]}]},{"@type":"BreadcrumbList","@id":"https:\/\/location-camping-car.com\/de\/#breadcrumb","itemListElement":[{"@type":"ListItem","position":1,"name":"Accueil","item":"https:\/\/location-camping-car.com\/de\/"},{"@type":"ListItem","position":2,"name":"Accueil"}]},{"@type":"WebSite","@id":"https:\/\/location-camping-car.com\/de\/#website","url":"https:\/\/location-camping-car.com\/de\/","name":"Location de camping-car","description":"Le wiki de CoolDrive Nomad","publisher":{"@id":"https:\/\/location-camping-car.com\/de\/#organization"},"potentialAction":[{"@type":"SearchAction","target":{"@type":"EntryPoint","urlTemplate":"https:\/\/location-camping-car.com\/de\/?s={search_term_string}"},"query-input":{"@type":"PropertyValueSpecification","valueRequired":true,"valueName":"search_term_string"}}],"inLanguage":"de"},{"@type":"Organization","@id":"https:\/\/location-camping-car.com\/de\/#organization","name":"CoolDrive Nomad","url":"https:\/\/location-camping-car.com\/de\/","logo":{"@type":"ImageObject","inLanguage":"de","@id":"https:\/\/location-camping-car.com\/de\/#\/schema\/logo\/image\/","url":"https:\/\/location-camping-car.com\/wp-content\/uploads\/2023\/11\/location-camping-car.png","contentUrl":"https:\/\/location-camping-car.com\/wp-content\/uploads\/2023\/11\/location-camping-car.png","width":480,"height":80,"caption":"CoolDrive Nomad"},"image":{"@id":"https:\/\/location-camping-car.com\/de\/#\/schema\/logo\/image\/"}}]}},"_links":{"self":[{"href":"https:\/\/location-camping-car.com\/de\/wp-json\/wp\/v2\/pages\/348","targetHints":{"allow":["GET"]}}],"collection":[{"href":"https:\/\/location-camping-car.com\/de\/wp-json\/wp\/v2\/pages"}],"about":[{"href":"https:\/\/location-camping-car.com\/de\/wp-json\/wp\/v2\/types\/page"}],"author":[{"embeddable":true,"href":"https:\/\/location-camping-car.com\/de\/wp-json\/wp\/v2\/users\/1"}],"replies":[{"embeddable":true,"href":"https:\/\/location-camping-car.com\/de\/wp-json\/wp\/v2\/comments?post=348"}],"version-history":[{"count":4,"href":"https:\/\/location-camping-car.com\/de\/wp-json\/wp\/v2\/pages\/348\/revisions"}],"predecessor-version":[{"id":639,"href":"https:\/\/location-camping-car.com\/de\/wp-json\/wp\/v2\/pages\/348\/revisions\/639"}],"wp:attachment":[{"href":"https:\/\/location-camping-car.com\/de\/wp-json\/wp\/v2\/media?parent=348"}],"curies":[{"name":"wp","href":"https:\/\/api.w.org\/{rel}","templated":true}]}}